{"id":10544,"date":"2022-04-27T17:08:26","date_gmt":"2022-04-27T17:08:26","guid":{"rendered":"https:\/\/commparlimage.ca\/garage\/herazz\/?product=bazzill-graduation-noir"},"modified":"2026-04-08T11:07:16","modified_gmt":"2026-04-08T15:07:16","slug":"bazzill-graduation-noir","status":"publish","type":"product","link":"https:\/\/www.galerie-scrapbooking.com\/en\/produit\/bazzill-graduation-noir\/","title":{"rendered":"Bazzill Graduation &#8211; Noir"},"content":{"rendered":"<p>Bazzill &#8220;Cardstock &#8221; 12&#8243; X 12&#8243;, Ce type de papier carton de scrapbooking est id\u00e9al pour d\u00e9buter votre page ou pour matter une photo.<\/p>\n<p>Ce papier comprend des \u00e9critures sur 1 cot\u00e9 et est noir de l&#8217;autre cot\u00e9<\/p>\n","protected":false},"excerpt":{"rendered":"<p>Bazzill Cardstock 12&#8243;X12&#8243; &#8211; Grad Words\/Black Bird<\/p>\n","protected":false},"featured_media":10545,"template":"","meta":{"_acf_changed":false},"product_brand":[],"product_cat":[135],"product_tag":[],"class_list":{"0":"post-10544","1":"product","2":"type-product","3":"status-publish","4":"has-post-thumbnail","6":"product_cat-papier-bazzill","7":"pa_brand_nc-bazzill-basics","9":"first","10":"instock","11":"taxable","12":"shipping-taxable","13":"purchasable","14":"product-type-simple"},"acf":[],"aioseo_notices":[],"_links":{"self":[{"href":"https:\/\/www.galerie-scrapbooking.com\/en\/wp-json\/wp\/v2\/product\/10544","targetHints":{"allow":["GET"]}}],"collection":[{"href":"https:\/\/www.galerie-scrapbooking.com\/en\/wp-json\/wp\/v2\/product"}],"about":[{"href":"https:\/\/www.galerie-scrapbooking.com\/en\/wp-json\/wp\/v2\/types\/product"}],"wp:featuredmedia":[{"embeddable":true,"href":"https:\/\/www.galerie-scrapbooking.com\/en\/wp-json\/wp\/v2\/media\/10545"}],"wp:attachment":[{"href":"https:\/\/www.galerie-scrapbooking.com\/en\/wp-json\/wp\/v2\/media?parent=10544"}],"wp:term":[{"taxonomy":"product_brand","embeddable":true,"href":"https:\/\/www.galerie-scrapbooking.com\/en\/wp-json\/wp\/v2\/product_brand?post=10544"},{"taxonomy":"product_cat","embeddable":true,"href":"https:\/\/www.galerie-scrapbooking.com\/en\/wp-json\/wp\/v2\/product_cat?post=10544"},{"taxonomy":"product_tag","embeddable":true,"href":"https:\/\/www.galerie-scrapbooking.com\/en\/wp-json\/wp\/v2\/product_tag?post=10544"}],"curies":[{"name":"wp","href":"https:\/\/api.w.org\/{rel}","templated":true}]}}