{"id":10542,"date":"2022-04-27T16:59:00","date_gmt":"2022-04-27T16:59:00","guid":{"rendered":"https:\/\/commparlimage.ca\/garage\/herazz\/?product=tim-holtz-distress-texture-paste-translucide"},"modified":"2026-01-21T15:18:27","modified_gmt":"2026-01-21T20:18:27","slug":"tim-holtz-distress-texture-paste-translucide","status":"publish","type":"product","link":"https:\/\/www.galerie-scrapbooking.com\/en\/produit\/tim-holtz-distress-texture-paste-translucide\/","title":{"rendered":"Tim Holtz Distress Texture Paste Translucide"},"content":{"rendered":"<h1>Tim Holtz Distress Texture Paste Translucide<\/h1>\n<p>Tim Holtz Distress Texture Paste Translucide est une p\u00e2te brillante translucide id\u00e9ale pour cr\u00e9er des effets dimensionnels.<\/p>\n<p>La p\u00e2te de texture peut \u00eatre color\u00e9e \u00e0 la fois lorsqu&#8217;elle est humide ou une fois s\u00e9ch\u00e9e pour permettre des possibilit\u00e9s de couleurs infinies.<\/p>\n<p>Ce paquet contient 3 oz de p\u00e2te de texture translucide<\/p>\n","protected":false},"excerpt":{"rendered":"<p>Tim Holtz Distress Texture Paste 3oz &#8211; Translucent<\/p>\n","protected":false},"featured_media":10543,"template":"","meta":{"_acf_changed":false},"product_brand":[],"product_cat":[305],"product_tag":[],"class_list":{"0":"post-10542","1":"product","2":"type-product","3":"status-publish","4":"has-post-thumbnail","6":"product_cat-pate-embossage","7":"pa_brand_nc-tim-holtz","9":"first","10":"instock","11":"taxable","12":"shipping-taxable","13":"purchasable","14":"product-type-simple"},"acf":[],"aioseo_notices":[],"_links":{"self":[{"href":"https:\/\/www.galerie-scrapbooking.com\/en\/wp-json\/wp\/v2\/product\/10542","targetHints":{"allow":["GET"]}}],"collection":[{"href":"https:\/\/www.galerie-scrapbooking.com\/en\/wp-json\/wp\/v2\/product"}],"about":[{"href":"https:\/\/www.galerie-scrapbooking.com\/en\/wp-json\/wp\/v2\/types\/product"}],"wp:featuredmedia":[{"embeddable":true,"href":"https:\/\/www.galerie-scrapbooking.com\/en\/wp-json\/wp\/v2\/media\/10543"}],"wp:attachment":[{"href":"https:\/\/www.galerie-scrapbooking.com\/en\/wp-json\/wp\/v2\/media?parent=10542"}],"wp:term":[{"taxonomy":"product_brand","embeddable":true,"href":"https:\/\/www.galerie-scrapbooking.com\/en\/wp-json\/wp\/v2\/product_brand?post=10542"},{"taxonomy":"product_cat","embeddable":true,"href":"https:\/\/www.galerie-scrapbooking.com\/en\/wp-json\/wp\/v2\/product_cat?post=10542"},{"taxonomy":"product_tag","embeddable":true,"href":"https:\/\/www.galerie-scrapbooking.com\/en\/wp-json\/wp\/v2\/product_tag?post=10542"}],"curies":[{"name":"wp","href":"https:\/\/api.w.org\/{rel}","templated":true}]}}