{"id":10506,"date":"2022-04-27T12:21:06","date_gmt":"2022-04-27T12:21:06","guid":{"rendered":"https:\/\/commparlimage.ca\/garage\/herazz\/?product=spellbinders-cardstock-100-lb-85x11-rose"},"modified":"2026-03-01T14:38:49","modified_gmt":"2026-03-01T19:38:49","slug":"spellbinders-cardstock-100-lb-8-5-x11-rose","status":"publish","type":"product","link":"https:\/\/www.galerie-scrapbooking.com\/en\/produit\/spellbinders-cardstock-100-lb-8-5-x11-rose\/","title":{"rendered":"Spellbinders Cardstock 100 lb 8.5&#8243;X11&#8243; Rose"},"content":{"rendered":"<p>Le papier cartonn\u00e9 Color Essentials de Spellbinders est vendu en paquet de 10 feuilles. Il est id\u00e9al pour faire des bases de cartes, pour la d\u00e9coupe, l&#8217;estampage et plus encore !<\/p>\n<p>Ce papier cartonn\u00e9 de Spellbinders de 8,5 x 11 pouces &#8211; 100 livres, il est lisse des deux c\u00f4t\u00e9s et poss\u00e8de un noyau de couleur unie.<\/p>\n<p>Chaque cr\u00e9ation commence par une excellente base de papier cartonn\u00e9 de haute qualit\u00e9, alors ajoutez ce paquet \u00e0 votre approvisionnement !<\/p>\n","protected":false},"excerpt":{"rendered":"<p>Spellbinders Color Essentials Cardstock 8.5&#8243;X11&#8243; 10\/Pkg &#8211; Pink Sand<\/p>\n","protected":false},"featured_media":10507,"template":"","meta":{"_acf_changed":false},"product_brand":[],"product_cat":[413],"product_tag":[],"class_list":{"0":"post-10506","1":"product","2":"type-product","3":"status-publish","4":"has-post-thumbnail","6":"product_cat-spellbinders-cardstock","7":"pa_brand_nc-spellbinders","9":"first","10":"instock","11":"taxable","12":"shipping-taxable","13":"purchasable","14":"product-type-simple"},"acf":[],"aioseo_notices":[],"_links":{"self":[{"href":"https:\/\/www.galerie-scrapbooking.com\/en\/wp-json\/wp\/v2\/product\/10506","targetHints":{"allow":["GET"]}}],"collection":[{"href":"https:\/\/www.galerie-scrapbooking.com\/en\/wp-json\/wp\/v2\/product"}],"about":[{"href":"https:\/\/www.galerie-scrapbooking.com\/en\/wp-json\/wp\/v2\/types\/product"}],"wp:featuredmedia":[{"embeddable":true,"href":"https:\/\/www.galerie-scrapbooking.com\/en\/wp-json\/wp\/v2\/media\/10507"}],"wp:attachment":[{"href":"https:\/\/www.galerie-scrapbooking.com\/en\/wp-json\/wp\/v2\/media?parent=10506"}],"wp:term":[{"taxonomy":"product_brand","embeddable":true,"href":"https:\/\/www.galerie-scrapbooking.com\/en\/wp-json\/wp\/v2\/product_brand?post=10506"},{"taxonomy":"product_cat","embeddable":true,"href":"https:\/\/www.galerie-scrapbooking.com\/en\/wp-json\/wp\/v2\/product_cat?post=10506"},{"taxonomy":"product_tag","embeddable":true,"href":"https:\/\/www.galerie-scrapbooking.com\/en\/wp-json\/wp\/v2\/product_tag?post=10506"}],"curies":[{"name":"wp","href":"https:\/\/api.w.org\/{rel}","templated":true}]}}