{"id":10504,"date":"2022-04-19T19:25:35","date_gmt":"2022-04-19T19:25:35","guid":{"rendered":"https:\/\/commparlimage.ca\/garage\/herazz\/?product=tim-holtz-distress-crackle-paint-translucide"},"modified":"2026-01-08T16:31:08","modified_gmt":"2026-01-08T21:31:08","slug":"tim-holtz-distress-crackle-paint-translucide","status":"publish","type":"product","link":"https:\/\/www.galerie-scrapbooking.com\/en\/produit\/tim-holtz-distress-crackle-paint-translucide\/","title":{"rendered":"Tim Holtz Distress Crackle Paint Translucide"},"content":{"rendered":"<p>Tim Holtz Distress Crackle Paint Translucent est une peinture brillante translucide id\u00e9ale pour cr\u00e9er de fins effets craquel\u00e9s.<\/p>\n<p>Crackle Paint peut \u00eatre coloris\u00e9 \u00e0 l&#8217;\u00e9tat humide ou une fois s\u00e9ch\u00e9 pour permettre des possibilit\u00e9s de couleurs infinies.<\/p>\n<p>Id\u00e9al pour une utilisation avec les couteaux , les pinceaux et autres outils.<\/p>\n<p>Ce paquet comprend un contenant de 3 onces liquide de peinture craquel\u00e9e translucide.<\/p>\n","protected":false},"excerpt":{"rendered":"<p>Tim Holtz Distress Crackle Paint 3oz &#8211; Translucent<\/p>\n","protected":false},"featured_media":10505,"template":"","meta":{"_acf_changed":false},"product_brand":[],"product_cat":[219],"product_tag":[],"class_list":{"0":"post-10504","1":"product","2":"type-product","3":"status-publish","4":"has-post-thumbnail","6":"product_cat-distress-crackle-paint","7":"pa_brand_nc-tim-holtz","9":"first","10":"instock","11":"taxable","12":"shipping-taxable","13":"purchasable","14":"product-type-simple"},"acf":[],"aioseo_notices":[],"_links":{"self":[{"href":"https:\/\/www.galerie-scrapbooking.com\/en\/wp-json\/wp\/v2\/product\/10504","targetHints":{"allow":["GET"]}}],"collection":[{"href":"https:\/\/www.galerie-scrapbooking.com\/en\/wp-json\/wp\/v2\/product"}],"about":[{"href":"https:\/\/www.galerie-scrapbooking.com\/en\/wp-json\/wp\/v2\/types\/product"}],"wp:featuredmedia":[{"embeddable":true,"href":"https:\/\/www.galerie-scrapbooking.com\/en\/wp-json\/wp\/v2\/media\/10505"}],"wp:attachment":[{"href":"https:\/\/www.galerie-scrapbooking.com\/en\/wp-json\/wp\/v2\/media?parent=10504"}],"wp:term":[{"taxonomy":"product_brand","embeddable":true,"href":"https:\/\/www.galerie-scrapbooking.com\/en\/wp-json\/wp\/v2\/product_brand?post=10504"},{"taxonomy":"product_cat","embeddable":true,"href":"https:\/\/www.galerie-scrapbooking.com\/en\/wp-json\/wp\/v2\/product_cat?post=10504"},{"taxonomy":"product_tag","embeddable":true,"href":"https:\/\/www.galerie-scrapbooking.com\/en\/wp-json\/wp\/v2\/product_tag?post=10504"}],"curies":[{"name":"wp","href":"https:\/\/api.w.org\/{rel}","templated":true}]}}