{"id":10502,"date":"2022-04-19T19:20:22","date_gmt":"2022-04-19T19:20:22","guid":{"rendered":"https:\/\/commparlimage.ca\/garage\/herazz\/?product=tim-holtz-distress-collage-medium-matte"},"modified":"2025-02-05T10:43:52","modified_gmt":"2025-02-05T15:43:52","slug":"tim-holtz-distress-collage-medium-matte","status":"publish","type":"product","link":"https:\/\/www.galerie-scrapbooking.com\/en\/produit\/tim-holtz-distress-collage-medium-matte\/","title":{"rendered":"Tim Holtz Distress Collage Medium matte"},"content":{"rendered":"<h1>Tim Holtz Distress Collage Medium matte<\/h1>\n<p>Tim Holtz Distress Collage Medium Matte est un gel mat translucide id\u00e9al pour coller, superposer et sceller.<\/p>\n<p>Collage Medium matte peut \u00eatre coloris\u00e9 \u00e0 l&#8217;\u00e9tat humide ou une fois s\u00e9ch\u00e9 pour permettre des possibilit\u00e9s de couleurs infinies.<\/p>\n<p>Ce paquet contient 3 fl oz de Distress collage matte.<\/p>\n","protected":false},"excerpt":{"rendered":"<p>Tim Holtz Distress Collage Medium Matte<\/p>\n","protected":false},"featured_media":10503,"template":"","meta":{"_acf_changed":false},"product_brand":[],"product_cat":[45],"product_tag":[],"class_list":{"0":"post-10502","1":"product","2":"type-product","3":"status-publish","4":"has-post-thumbnail","6":"product_cat-adhesifs-autres","7":"pa_brand_nc-tim-holtz","9":"first","10":"instock","11":"taxable","12":"shipping-taxable","13":"purchasable","14":"product-type-simple"},"acf":[],"aioseo_notices":[],"_links":{"self":[{"href":"https:\/\/www.galerie-scrapbooking.com\/en\/wp-json\/wp\/v2\/product\/10502","targetHints":{"allow":["GET"]}}],"collection":[{"href":"https:\/\/www.galerie-scrapbooking.com\/en\/wp-json\/wp\/v2\/product"}],"about":[{"href":"https:\/\/www.galerie-scrapbooking.com\/en\/wp-json\/wp\/v2\/types\/product"}],"wp:featuredmedia":[{"embeddable":true,"href":"https:\/\/www.galerie-scrapbooking.com\/en\/wp-json\/wp\/v2\/media\/10503"}],"wp:attachment":[{"href":"https:\/\/www.galerie-scrapbooking.com\/en\/wp-json\/wp\/v2\/media?parent=10502"}],"wp:term":[{"taxonomy":"product_brand","embeddable":true,"href":"https:\/\/www.galerie-scrapbooking.com\/en\/wp-json\/wp\/v2\/product_brand?post=10502"},{"taxonomy":"product_cat","embeddable":true,"href":"https:\/\/www.galerie-scrapbooking.com\/en\/wp-json\/wp\/v2\/product_cat?post=10502"},{"taxonomy":"product_tag","embeddable":true,"href":"https:\/\/www.galerie-scrapbooking.com\/en\/wp-json\/wp\/v2\/product_tag?post=10502"}],"curies":[{"name":"wp","href":"https:\/\/api.w.org\/{rel}","templated":true}]}}