{"id":10415,"date":"2022-04-05T13:27:19","date_gmt":"2022-04-05T13:27:19","guid":{"rendered":"https:\/\/commparlimage.ca\/garage\/herazz\/?product=lavinia-etampe-petites-maisons-pixie"},"modified":"2026-04-06T10:13:26","modified_gmt":"2026-04-06T14:13:26","slug":"lavinia-etampe-petites-maisons-pixie","status":"publish","type":"product","link":"https:\/\/www.galerie-scrapbooking.com\/en\/produit\/lavinia-etampe-petites-maisons-pixie\/","title":{"rendered":"Lavinia \u00c9tampe Petites Maisons Pixie"},"content":{"rendered":"<h1>Lavinia \u00c9tampe Petites Maisons Pixie<\/h1>\n<p>Un ensemble de trois \u00e9tampes individuelles repr\u00e9sentant de petites maisons de f\u00e9es fantaisistes.<\/p>\n<p>Ces petites \u00e9tampes s&#8217;adaptent parfaitement aux chapeaux de champignons f\u00e9eriques, de champignons forestiers ou d&#8217;auberges foresti\u00e8res.<\/p>\n<p>N\u00e9cessite l&#8217;utilisation d&#8217;un bloc acrylique.<\/p>\n<p>Dimension approximative:<\/p>\n<p>2cm x 1cm, 1.5cm x 0.7cm &amp; 1.5cm x 0.8cm<\/p>\n","protected":false},"excerpt":{"rendered":"<p>Lavinia Stamp &#8211; Small Pixy Houses<\/p>\n","protected":false},"featured_media":10416,"template":"","meta":{"_acf_changed":false},"product_brand":[],"product_cat":[342,424],"product_tag":[],"class_list":{"0":"post-10415","1":"product","2":"type-product","3":"status-publish","4":"has-post-thumbnail","6":"product_cat-etampes-lavinia","7":"product_cat-mystique-zen","8":"pa_brand_nc-lavinia","10":"first","11":"instock","12":"taxable","13":"shipping-taxable","14":"purchasable","15":"product-type-simple"},"acf":[],"aioseo_notices":[],"_links":{"self":[{"href":"https:\/\/www.galerie-scrapbooking.com\/en\/wp-json\/wp\/v2\/product\/10415","targetHints":{"allow":["GET"]}}],"collection":[{"href":"https:\/\/www.galerie-scrapbooking.com\/en\/wp-json\/wp\/v2\/product"}],"about":[{"href":"https:\/\/www.galerie-scrapbooking.com\/en\/wp-json\/wp\/v2\/types\/product"}],"wp:featuredmedia":[{"embeddable":true,"href":"https:\/\/www.galerie-scrapbooking.com\/en\/wp-json\/wp\/v2\/media\/10416"}],"wp:attachment":[{"href":"https:\/\/www.galerie-scrapbooking.com\/en\/wp-json\/wp\/v2\/media?parent=10415"}],"wp:term":[{"taxonomy":"product_brand","embeddable":true,"href":"https:\/\/www.galerie-scrapbooking.com\/en\/wp-json\/wp\/v2\/product_brand?post=10415"},{"taxonomy":"product_cat","embeddable":true,"href":"https:\/\/www.galerie-scrapbooking.com\/en\/wp-json\/wp\/v2\/product_cat?post=10415"},{"taxonomy":"product_tag","embeddable":true,"href":"https:\/\/www.galerie-scrapbooking.com\/en\/wp-json\/wp\/v2\/product_tag?post=10415"}],"curies":[{"name":"wp","href":"https:\/\/api.w.org\/{rel}","templated":true}]}}