{"id":10390,"date":"2022-03-30T14:32:11","date_gmt":"2022-03-30T14:32:11","guid":{"rendered":"https:\/\/commparlimage.ca\/garage\/herazz\/?product=tim-holtz-die-cut-jauges"},"modified":"2026-04-20T14:46:11","modified_gmt":"2026-04-20T18:46:11","slug":"tim-holtz-die-cut-jauges","status":"publish","type":"product","link":"https:\/\/www.galerie-scrapbooking.com\/en\/produit\/tim-holtz-die-cut-jauges\/","title":{"rendered":"Tim Holtz Die-cut Jauges"},"content":{"rendered":"<h1>Tim Holtz Die-cut Jauges<\/h1>\n<p>Embellissements &#8211; Tim Holtz.<\/p>\n<p>Tim Holtz Jauges, est une collection d&#8217;\u00e9l\u00e9ments industriels circulaires imprim\u00e9s. L&#8217;aspect industriel des Jauges peut \u00eatre combin\u00e9 avec les Game Spinners.<\/p>\n<p>Les cadrans de jauge d\u00e9coup\u00e9s \u00e0 l&#8217;emporte-pi\u00e8ce peuvent \u00eatre utilis\u00e9s dans les pages de scrapbooking et coll\u00e9s aux arri\u00e8re-plans ou aux avant-plans de vos projets.<\/p>\n<p>Fabriqu\u00e9 en papier \u00e9pais. Ce paquet contient des cadrans de jauge Tim Holtz Idea-Ology\u00a0 de 1,75 pouces, 39 pi\u00e8ces.<\/p>\n","protected":false},"excerpt":{"rendered":"<p>Idea-Ology Gauge Dials 39\/Pkg<\/p>\n","protected":false},"featured_media":10391,"template":"","meta":{"_acf_changed":false},"product_brand":[],"product_cat":[432,99],"product_tag":[],"class_list":{"0":"post-10390","1":"product","2":"type-product","3":"status-publish","4":"has-post-thumbnail","6":"product_cat-decoupes-autres","7":"product_cat-tim-holtz-scrapbooking","8":"pa_brand_nc-tim-holtz","10":"first","11":"instock","12":"taxable","13":"shipping-taxable","14":"purchasable","15":"product-type-simple"},"acf":[],"aioseo_notices":[],"_links":{"self":[{"href":"https:\/\/www.galerie-scrapbooking.com\/en\/wp-json\/wp\/v2\/product\/10390","targetHints":{"allow":["GET"]}}],"collection":[{"href":"https:\/\/www.galerie-scrapbooking.com\/en\/wp-json\/wp\/v2\/product"}],"about":[{"href":"https:\/\/www.galerie-scrapbooking.com\/en\/wp-json\/wp\/v2\/types\/product"}],"wp:featuredmedia":[{"embeddable":true,"href":"https:\/\/www.galerie-scrapbooking.com\/en\/wp-json\/wp\/v2\/media\/10391"}],"wp:attachment":[{"href":"https:\/\/www.galerie-scrapbooking.com\/en\/wp-json\/wp\/v2\/media?parent=10390"}],"wp:term":[{"taxonomy":"product_brand","embeddable":true,"href":"https:\/\/www.galerie-scrapbooking.com\/en\/wp-json\/wp\/v2\/product_brand?post=10390"},{"taxonomy":"product_cat","embeddable":true,"href":"https:\/\/www.galerie-scrapbooking.com\/en\/wp-json\/wp\/v2\/product_cat?post=10390"},{"taxonomy":"product_tag","embeddable":true,"href":"https:\/\/www.galerie-scrapbooking.com\/en\/wp-json\/wp\/v2\/product_tag?post=10390"}],"curies":[{"name":"wp","href":"https:\/\/api.w.org\/{rel}","templated":true}]}}