{"id":10367,"date":"2022-03-22T14:36:38","date_gmt":"2022-03-22T14:36:38","guid":{"rendered":"https:\/\/commparlimage.ca\/garage\/herazz\/?product=icraft-adhesif-amovible"},"modified":"2024-10-08T11:23:18","modified_gmt":"2024-10-08T15:23:18","slug":"icraft-adhesif-amovible","status":"publish","type":"product","link":"https:\/\/www.galerie-scrapbooking.com\/en\/produit\/icraft-adhesif-amovible\/","title":{"rendered":"iCraft Adh\u00e9sif amovible"},"content":{"rendered":"<p>Le ruban est un article indispensable dans toutes les salles d&#8217;artisanat!<\/p>\n<p>Cette bande amovible facile \u00e0 enlever ne laisse aucun r\u00e9sidu d&#8217;adh\u00e9sif et se d\u00e9colle facilement sans d\u00e9chirer le papier.<\/p>\n<p>Il est id\u00e9al pour ceux qui utilisent les die-cut, pochoirs ou utilisent les machines de d\u00e9coupes.<\/p>\n<p>Dimensions:<\/p>\n<p>1.0 pouce de largeur x 20 verges de longueur.<\/p>\n<p>2.5 cm x 18.2 m.<\/p>\n","protected":false},"excerpt":{"rendered":"<p>iCraft Removable Tape 1.0&#8243;X 20yd Roll<\/p>\n","protected":false},"featured_media":10368,"template":"","meta":{"_acf_changed":false},"product_brand":[],"product_cat":[45],"product_tag":[],"class_list":{"0":"post-10367","1":"product","2":"type-product","3":"status-publish","4":"has-post-thumbnail","6":"product_cat-adhesifs-autres","7":"pa_brand_nc-autres","9":"first","10":"instock","11":"taxable","12":"shipping-taxable","13":"purchasable","14":"product-type-simple"},"acf":[],"aioseo_notices":[],"_links":{"self":[{"href":"https:\/\/www.galerie-scrapbooking.com\/en\/wp-json\/wp\/v2\/product\/10367","targetHints":{"allow":["GET"]}}],"collection":[{"href":"https:\/\/www.galerie-scrapbooking.com\/en\/wp-json\/wp\/v2\/product"}],"about":[{"href":"https:\/\/www.galerie-scrapbooking.com\/en\/wp-json\/wp\/v2\/types\/product"}],"wp:featuredmedia":[{"embeddable":true,"href":"https:\/\/www.galerie-scrapbooking.com\/en\/wp-json\/wp\/v2\/media\/10368"}],"wp:attachment":[{"href":"https:\/\/www.galerie-scrapbooking.com\/en\/wp-json\/wp\/v2\/media?parent=10367"}],"wp:term":[{"taxonomy":"product_brand","embeddable":true,"href":"https:\/\/www.galerie-scrapbooking.com\/en\/wp-json\/wp\/v2\/product_brand?post=10367"},{"taxonomy":"product_cat","embeddable":true,"href":"https:\/\/www.galerie-scrapbooking.com\/en\/wp-json\/wp\/v2\/product_cat?post=10367"},{"taxonomy":"product_tag","embeddable":true,"href":"https:\/\/www.galerie-scrapbooking.com\/en\/wp-json\/wp\/v2\/product_tag?post=10367"}],"curies":[{"name":"wp","href":"https:\/\/api.w.org\/{rel}","templated":true}]}}