{"id":10273,"date":"2022-03-09T15:20:21","date_gmt":"2022-03-09T15:20:21","guid":{"rendered":"https:\/\/commparlimage.ca\/garage\/herazz\/?product=joy-etampe-bonne-fete-oursons"},"modified":"2023-12-26T10:51:15","modified_gmt":"2023-12-26T15:51:15","slug":"joy-etampe-bonne-fete-oursons","status":"publish","type":"product","link":"https:\/\/www.galerie-scrapbooking.com\/en\/produit\/joy-etampe-bonne-fete-oursons\/","title":{"rendered":"Joy! \u00c9tampe Bonne F\u00eate &#8211; Oursons"},"content":{"rendered":"<p>\u00c9tampe &#8211; Bonne F\u00eate Oursons Jeu de 13 \u00e9tampes.<\/p>\n<p>Les tailles vont de 2&#8243; x 2&#8243; \u00e0 3\/8&#8243; x 3\/8&#8243;.<\/p>\n<p>Contient : 5 \u00e9tampes ours diff\u00e9rents, 4 \u00e9tampes cadeaux, 2 \u00e9tampes oiseaux et 2 \u00e9tampes fleurs.<\/p>\n","protected":false},"excerpt":{"rendered":"<p>Joy! Stamp &#8211; Happy Birthday Bears<\/p>\n","protected":false},"featured_media":10274,"template":"","meta":{"_acf_changed":false},"product_brand":[],"product_cat":[121],"product_tag":[],"class_list":{"0":"post-10273","1":"product","2":"type-product","3":"status-publish","4":"has-post-thumbnail","6":"product_cat-etampe-scrapbooking-autre","7":"pa_brand_nc-joy","9":"first","10":"instock","11":"taxable","12":"shipping-taxable","13":"purchasable","14":"product-type-simple"},"acf":[],"aioseo_notices":[],"_links":{"self":[{"href":"https:\/\/www.galerie-scrapbooking.com\/en\/wp-json\/wp\/v2\/product\/10273","targetHints":{"allow":["GET"]}}],"collection":[{"href":"https:\/\/www.galerie-scrapbooking.com\/en\/wp-json\/wp\/v2\/product"}],"about":[{"href":"https:\/\/www.galerie-scrapbooking.com\/en\/wp-json\/wp\/v2\/types\/product"}],"wp:featuredmedia":[{"embeddable":true,"href":"https:\/\/www.galerie-scrapbooking.com\/en\/wp-json\/wp\/v2\/media\/10274"}],"wp:attachment":[{"href":"https:\/\/www.galerie-scrapbooking.com\/en\/wp-json\/wp\/v2\/media?parent=10273"}],"wp:term":[{"taxonomy":"product_brand","embeddable":true,"href":"https:\/\/www.galerie-scrapbooking.com\/en\/wp-json\/wp\/v2\/product_brand?post=10273"},{"taxonomy":"product_cat","embeddable":true,"href":"https:\/\/www.galerie-scrapbooking.com\/en\/wp-json\/wp\/v2\/product_cat?post=10273"},{"taxonomy":"product_tag","embeddable":true,"href":"https:\/\/www.galerie-scrapbooking.com\/en\/wp-json\/wp\/v2\/product_tag?post=10273"}],"curies":[{"name":"wp","href":"https:\/\/api.w.org\/{rel}","templated":true}]}}