{"id":10258,"date":"2022-03-08T19:20:39","date_gmt":"2022-03-08T19:20:39","guid":{"rendered":"https:\/\/commparlimage.ca\/garage\/herazz\/?product=distress-archival-mini-ink-ensemble-6"},"modified":"2025-08-27T14:17:13","modified_gmt":"2025-08-27T18:17:13","slug":"distress-archival-mini-ink-ensemble-6","status":"publish","type":"product","link":"https:\/\/www.galerie-scrapbooking.com\/en\/produit\/distress-archival-mini-ink-ensemble-6\/","title":{"rendered":"Distress Archival Mini Ink Ensemble #6"},"content":{"rendered":"<h1>Distress Archival Mini Ink Ensemble #6<\/h1>\n<p>Avec cette encre, vous obtiendrez un r\u00e9sultat durable. Elle ne d\u00e9t\u00e9riorera pas votre papier ou vos photographies. Elle est r\u00e9sistante \u00e0 l&#8217;eau (waterproof), d&#8217;encre \u00e0 base d&#8217;eau ou de marqueurs.<\/p>\n<p>Couleurs:<\/p>\n<p>Rustic Wilderness &#8211; Fired Brick &#8211; Frayed Burlap &#8211; Prize Ribbon<\/p>\n","protected":false},"excerpt":{"rendered":"<p>Tim Holtz Distress Archival Mini Ink Kit<\/p>\n","protected":false},"featured_media":10259,"template":"","meta":{"_acf_changed":false},"product_brand":[],"product_cat":[336],"product_tag":[],"class_list":{"0":"post-10258","1":"product","2":"type-product","3":"status-publish","4":"has-post-thumbnail","6":"product_cat-distress-archival-mini","7":"pa_brand_nc-ranger","9":"first","10":"instock","11":"taxable","12":"shipping-taxable","13":"purchasable","14":"product-type-simple"},"acf":[],"aioseo_notices":[],"_links":{"self":[{"href":"https:\/\/www.galerie-scrapbooking.com\/en\/wp-json\/wp\/v2\/product\/10258","targetHints":{"allow":["GET"]}}],"collection":[{"href":"https:\/\/www.galerie-scrapbooking.com\/en\/wp-json\/wp\/v2\/product"}],"about":[{"href":"https:\/\/www.galerie-scrapbooking.com\/en\/wp-json\/wp\/v2\/types\/product"}],"wp:featuredmedia":[{"embeddable":true,"href":"https:\/\/www.galerie-scrapbooking.com\/en\/wp-json\/wp\/v2\/media\/10259"}],"wp:attachment":[{"href":"https:\/\/www.galerie-scrapbooking.com\/en\/wp-json\/wp\/v2\/media?parent=10258"}],"wp:term":[{"taxonomy":"product_brand","embeddable":true,"href":"https:\/\/www.galerie-scrapbooking.com\/en\/wp-json\/wp\/v2\/product_brand?post=10258"},{"taxonomy":"product_cat","embeddable":true,"href":"https:\/\/www.galerie-scrapbooking.com\/en\/wp-json\/wp\/v2\/product_cat?post=10258"},{"taxonomy":"product_tag","embeddable":true,"href":"https:\/\/www.galerie-scrapbooking.com\/en\/wp-json\/wp\/v2\/product_tag?post=10258"}],"curies":[{"name":"wp","href":"https:\/\/api.w.org\/{rel}","templated":true}]}}