{"id":10246,"date":"2022-03-08T18:31:18","date_gmt":"2022-03-08T18:31:18","guid":{"rendered":"https:\/\/commparlimage.ca\/garage\/herazz\/?product=tim-holtz-distress-oxide-spray-saltwater-taffy"},"modified":"2026-03-17T10:30:22","modified_gmt":"2026-03-17T14:30:22","slug":"tim-holtz-distress-oxide-spray-saltwater-taffy","status":"publish","type":"product","link":"https:\/\/www.galerie-scrapbooking.com\/en\/produit\/tim-holtz-distress-oxide-spray-saltwater-taffy\/","title":{"rendered":"Tim Holtz Distress Oxide Spray Saltwater Taffy"},"content":{"rendered":"<h1>Tim Holtz Distress Oxide Spray Saltwater Taffy<\/h1>\n<p>Cr\u00e9e des effets oxyd\u00e9s lorsqu&#8217;il est pulv\u00e9ris\u00e9 avec de l&#8217;eau.<\/p>\n<p>Utiliser pour une couverture d&#8217;encre rapide et facile sur les surfaces poreuses.<\/p>\n<p>\u00c0 utiliser avec des masques, superposer les couleurs, vaporiser avec de l&#8217;eau et regarder la couleur se m\u00e9langer.<\/p>\n<p>Vid\u00e9o de d\u00e9monstration de Tim Holtz<\/p>\n<p><iframe loading=\"lazy\" title=\"YouTube video player\" src=\"https:\/\/www.youtube.com\/embed\/15HuQ7CrORU\" width=\"560\" height=\"315\" frameborder=\"0\" allowfullscreen=\"allowfullscreen\"><\/iframe><\/p>\n","protected":false},"excerpt":{"rendered":"<p>Tim Holtz Distress Oxide Spray 1.9oz<\/p>\n","protected":false},"featured_media":10247,"template":"","meta":{"_acf_changed":false},"product_brand":[],"product_cat":[338],"product_tag":[],"class_list":{"0":"post-10246","1":"product","2":"type-product","3":"status-publish","4":"has-post-thumbnail","6":"product_cat-distress-oxide-spray","7":"pa_brand_nc-tim-holtz","9":"first","10":"instock","11":"taxable","12":"shipping-taxable","13":"purchasable","14":"product-type-simple"},"acf":[],"aioseo_notices":[],"_links":{"self":[{"href":"https:\/\/www.galerie-scrapbooking.com\/en\/wp-json\/wp\/v2\/product\/10246","targetHints":{"allow":["GET"]}}],"collection":[{"href":"https:\/\/www.galerie-scrapbooking.com\/en\/wp-json\/wp\/v2\/product"}],"about":[{"href":"https:\/\/www.galerie-scrapbooking.com\/en\/wp-json\/wp\/v2\/types\/product"}],"wp:featuredmedia":[{"embeddable":true,"href":"https:\/\/www.galerie-scrapbooking.com\/en\/wp-json\/wp\/v2\/media\/10247"}],"wp:attachment":[{"href":"https:\/\/www.galerie-scrapbooking.com\/en\/wp-json\/wp\/v2\/media?parent=10246"}],"wp:term":[{"taxonomy":"product_brand","embeddable":true,"href":"https:\/\/www.galerie-scrapbooking.com\/en\/wp-json\/wp\/v2\/product_brand?post=10246"},{"taxonomy":"product_cat","embeddable":true,"href":"https:\/\/www.galerie-scrapbooking.com\/en\/wp-json\/wp\/v2\/product_cat?post=10246"},{"taxonomy":"product_tag","embeddable":true,"href":"https:\/\/www.galerie-scrapbooking.com\/en\/wp-json\/wp\/v2\/product_tag?post=10246"}],"curies":[{"name":"wp","href":"https:\/\/api.w.org\/{rel}","templated":true}]}}