{"id":10220,"date":"2022-03-03T19:13:41","date_gmt":"2022-03-03T19:13:41","guid":{"rendered":"https:\/\/commparlimage.ca\/garage\/herazz\/?product=lavinia-etampe-orbes-de-fee"},"modified":"2026-02-08T09:40:57","modified_gmt":"2026-02-08T14:40:57","slug":"lavinia-etampe-orbes-de-fee","status":"publish","type":"product","link":"https:\/\/www.galerie-scrapbooking.com\/en\/produit\/lavinia-etampe-orbes-de-fee\/","title":{"rendered":"Lavinia \u00c9tampe Orbes de F\u00e9e"},"content":{"rendered":"<p>\u00c9tampes acrylique, id\u00e9ales pour vos cartes ou pages de scrapbooking.<\/p>\n<p>N\u00e9cessite l&#8217;utilisation d&#8217;un bloc acrylique.<\/p>\n<p>Dimension approximative: 2.0 \u00e0 2.5 cm.<\/p>\n","protected":false},"excerpt":{"rendered":"<p>Lavinia Stamp &#8211; Fairy Orbs<\/p>\n","protected":false},"featured_media":10221,"template":"","meta":{"_acf_changed":false},"product_brand":[],"product_cat":[342,424],"product_tag":[],"class_list":{"0":"post-10220","1":"product","2":"type-product","3":"status-publish","4":"has-post-thumbnail","6":"product_cat-etampes-lavinia","7":"product_cat-mystique-zen","8":"pa_brand_nc-lavinia","10":"first","11":"instock","12":"taxable","13":"shipping-taxable","14":"purchasable","15":"product-type-simple"},"acf":[],"aioseo_notices":[],"_links":{"self":[{"href":"https:\/\/www.galerie-scrapbooking.com\/en\/wp-json\/wp\/v2\/product\/10220","targetHints":{"allow":["GET"]}}],"collection":[{"href":"https:\/\/www.galerie-scrapbooking.com\/en\/wp-json\/wp\/v2\/product"}],"about":[{"href":"https:\/\/www.galerie-scrapbooking.com\/en\/wp-json\/wp\/v2\/types\/product"}],"wp:featuredmedia":[{"embeddable":true,"href":"https:\/\/www.galerie-scrapbooking.com\/en\/wp-json\/wp\/v2\/media\/10221"}],"wp:attachment":[{"href":"https:\/\/www.galerie-scrapbooking.com\/en\/wp-json\/wp\/v2\/media?parent=10220"}],"wp:term":[{"taxonomy":"product_brand","embeddable":true,"href":"https:\/\/www.galerie-scrapbooking.com\/en\/wp-json\/wp\/v2\/product_brand?post=10220"},{"taxonomy":"product_cat","embeddable":true,"href":"https:\/\/www.galerie-scrapbooking.com\/en\/wp-json\/wp\/v2\/product_cat?post=10220"},{"taxonomy":"product_tag","embeddable":true,"href":"https:\/\/www.galerie-scrapbooking.com\/en\/wp-json\/wp\/v2\/product_tag?post=10220"}],"curies":[{"name":"wp","href":"https:\/\/api.w.org\/{rel}","templated":true}]}}