{"id":10108,"date":"2022-02-17T12:36:36","date_gmt":"2022-02-17T12:36:36","guid":{"rendered":"https:\/\/commparlimage.ca\/garage\/herazz\/?product=zig-marqueur-glitter-wink-of-stella-violet"},"modified":"2025-04-01T10:21:02","modified_gmt":"2025-04-01T14:21:02","slug":"zig-marqueur-glitter-wink-of-stella-violet","status":"publish","type":"product","link":"https:\/\/www.galerie-scrapbooking.com\/en\/produit\/zig-marqueur-glitter-wink-of-stella-violet\/","title":{"rendered":"Zig marqueur glitter Wink of Stella Violet"},"content":{"rendered":"<h1>Zig marqueur glitter Wink of Stella Violet<\/h1>\n<p>Wink of Stella Brush Marker est le stylo-pinceau id\u00e9al pour \u00e9crire, apporter des touches scintillantes ou rehausser un cachet personnalis\u00e9.<\/p>\n<p>La pointe du pinceau permet de cr\u00e9er des lignes \u00e9paisses ou fines.<\/p>\n<p>Pour activer les stylos, d\u00e9visser le couvercle et le canon, retirez l&#8217;anneau noir et puis re-connecter les deux moiti\u00e9s.<\/p>\n<p>Pressez doucement le canon (o\u00f9 il est dit \u00abPUSH\u00bb) et vous verrez l&#8217;encre qui coule dans la pointe, juste en dessous de la brosse.<\/p>\n<p>L&#8217;encre coulera ensuite dans la brosse et \u00eatre pr\u00eat \u00e0 utiliser.<\/p>\n<p>NE PAS TROP Presser, juste une tr\u00e8s l\u00e9g\u00e8re compression est n\u00e9cessaire.<\/p>\n<p>Ajoutez de l&#8217;\u00e9clat \u00e0 votre lettrage ou sur des images \u00e9tamp\u00e9es!<\/p>\n","protected":false},"excerpt":{"rendered":"<p>Zig Memory System Wink Of Stella Brush Glitter Marker<\/p>\n","protected":false},"featured_media":10109,"template":"","meta":{"_acf_changed":false},"product_brand":[],"product_cat":[261],"product_tag":[],"class_list":{"0":"post-10108","1":"product","2":"type-product","3":"status-publish","4":"has-post-thumbnail","6":"product_cat-marqueur-wink-of-stella-zig-scrapbooking","7":"pa_brand_nc-autres","9":"first","10":"instock","11":"taxable","12":"shipping-taxable","13":"purchasable","14":"product-type-simple"},"acf":[],"aioseo_notices":[],"_links":{"self":[{"href":"https:\/\/www.galerie-scrapbooking.com\/en\/wp-json\/wp\/v2\/product\/10108","targetHints":{"allow":["GET"]}}],"collection":[{"href":"https:\/\/www.galerie-scrapbooking.com\/en\/wp-json\/wp\/v2\/product"}],"about":[{"href":"https:\/\/www.galerie-scrapbooking.com\/en\/wp-json\/wp\/v2\/types\/product"}],"wp:featuredmedia":[{"embeddable":true,"href":"https:\/\/www.galerie-scrapbooking.com\/en\/wp-json\/wp\/v2\/media\/10109"}],"wp:attachment":[{"href":"https:\/\/www.galerie-scrapbooking.com\/en\/wp-json\/wp\/v2\/media?parent=10108"}],"wp:term":[{"taxonomy":"product_brand","embeddable":true,"href":"https:\/\/www.galerie-scrapbooking.com\/en\/wp-json\/wp\/v2\/product_brand?post=10108"},{"taxonomy":"product_cat","embeddable":true,"href":"https:\/\/www.galerie-scrapbooking.com\/en\/wp-json\/wp\/v2\/product_cat?post=10108"},{"taxonomy":"product_tag","embeddable":true,"href":"https:\/\/www.galerie-scrapbooking.com\/en\/wp-json\/wp\/v2\/product_tag?post=10108"}],"curies":[{"name":"wp","href":"https:\/\/api.w.org\/{rel}","templated":true}]}}