{"id":10020,"date":"2022-02-03T18:47:03","date_gmt":"2022-02-03T18:47:03","guid":{"rendered":"https:\/\/commparlimage.ca\/garage\/herazz\/?product=pinkfresh-studio-etampe-jours-meilleurs"},"modified":"2024-06-25T12:50:17","modified_gmt":"2024-06-25T16:50:17","slug":"pinkfresh-studio-etampe-jours-meilleurs","status":"publish","type":"product","link":"https:\/\/www.galerie-scrapbooking.com\/en\/produit\/pinkfresh-studio-etampe-jours-meilleurs\/","title":{"rendered":"Pinkfresh Studio \u00c9tampe Jours meilleurs"},"content":{"rendered":"<p>\u00c9tampe en polym\u00e8re.<\/p>\n<p>N\u00e9cessite l&#8217;utilisation d&#8217;un bloc acrylique<\/p>\n<p>Dimensions approximatives: 4.0 x 6.0 pouces<\/p>\n","protected":false},"excerpt":{"rendered":"<p>Pinkfresh Studio Clear Stamp Set 4&#8243;X6&#8243; &#8211; Brighter Days<\/p>\n","protected":false},"featured_media":10021,"template":"","meta":{"_acf_changed":false},"product_brand":[],"product_cat":[121],"product_tag":[],"class_list":{"0":"post-10020","1":"product","2":"type-product","3":"status-publish","4":"has-post-thumbnail","6":"product_cat-etampe-scrapbooking-autre","7":"pa_brand_nc-pinkfresh-studio","9":"first","10":"instock","11":"taxable","12":"shipping-taxable","13":"purchasable","14":"product-type-simple"},"acf":[],"aioseo_notices":[],"_links":{"self":[{"href":"https:\/\/www.galerie-scrapbooking.com\/en\/wp-json\/wp\/v2\/product\/10020","targetHints":{"allow":["GET"]}}],"collection":[{"href":"https:\/\/www.galerie-scrapbooking.com\/en\/wp-json\/wp\/v2\/product"}],"about":[{"href":"https:\/\/www.galerie-scrapbooking.com\/en\/wp-json\/wp\/v2\/types\/product"}],"wp:featuredmedia":[{"embeddable":true,"href":"https:\/\/www.galerie-scrapbooking.com\/en\/wp-json\/wp\/v2\/media\/10021"}],"wp:attachment":[{"href":"https:\/\/www.galerie-scrapbooking.com\/en\/wp-json\/wp\/v2\/media?parent=10020"}],"wp:term":[{"taxonomy":"product_brand","embeddable":true,"href":"https:\/\/www.galerie-scrapbooking.com\/en\/wp-json\/wp\/v2\/product_brand?post=10020"},{"taxonomy":"product_cat","embeddable":true,"href":"https:\/\/www.galerie-scrapbooking.com\/en\/wp-json\/wp\/v2\/product_cat?post=10020"},{"taxonomy":"product_tag","embeddable":true,"href":"https:\/\/www.galerie-scrapbooking.com\/en\/wp-json\/wp\/v2\/product_tag?post=10020"}],"curies":[{"name":"wp","href":"https:\/\/api.w.org\/{rel}","templated":true}]}}